{"id":982,"date":"2020-01-24T09:29:57","date_gmt":"2020-01-24T14:29:57","guid":{"rendered":"https:\/\/www.cheztintinetmolie.ca\/?page_id=982"},"modified":"2024-11-08T16:41:48","modified_gmt":"2024-11-08T21:41:48","slug":"o-loft-du-ptit-grenier","status":"publish","type":"page","link":"https:\/\/www.chaletslacmegantic.com\/en\/o-loft-du-ptit-grenier\/","title":{"rendered":"\u00d4 Loft du p&#8217;tit Grenier"},"content":{"rendered":"<p>Unique home designed to offer an experience in confort combining relaxation and nature to its visitors.<\/p>\n<p>You will find everything for a perfect stay in all seasons.\u00a0 This nomadic residence underwent a facelift in 2020.\u00a0 The huge windows will allow you to store the daylight and observe the beauties of its stream, wooded without forgetting the animals of the fauna.<\/p>\n<p>Located in the picturesque village of Piopolis near the activities, attractions and major tourist events of the Lac M\u00e9gantic region in the Eastern Townships.<\/p>\n<p>The ascent of the Mont Saint-Joseph, M\u00e9gantic, Gosford, Ham, Scotch Cap&#8230;discover the first international Dark Sky Reserve, AstroLab and astronomical observatories, explore the mountains, the starry sky rub shoulders in a perfect harmony.\u00a0 The summit route, the walking trails, its beaches and lakes, its tourist circuit are some suggestions for you to discover.<\/p>\n<p>\u00d4 Loft du p&#8217;tit Grenier; Everything is included, closed bedroom with queen size bed, queen sofa-bed living room, fully equipped kitchen, breathtaking view, Zen, welcoming and up to date.\u00a0 Internet \/ TV Fibe \/ Air conditioning.<\/p>\n<p>From 125$ per night<\/p>\n","protected":false},"excerpt":{"rendered":"<p>Unique home designed to offer an experience in confort combining relaxation and nature to its visitors. You will find everything for a perfect stay in all seasons.\u00a0 This nomadic residence underwent a facelift in 2020.\u00a0 The huge windows will allow you to store the daylight and observe the beauties of its stream, wooded without forgetting [&hellip;]<\/p>\n","protected":false},"author":1,"featured_media":0,"parent":0,"menu_order":0,"comment_status":"closed","ping_status":"closed","template":"t-chalet.php","meta":{"_acf_changed":false,"_exactmetrics_skip_tracking":false,"_exactmetrics_sitenote_active":false,"_exactmetrics_sitenote_note":"","_exactmetrics_sitenote_category":0,"footnotes":""},"class_list":["post-982","page","type-page","status-publish","hentry"],"acf":[],"yoast_head":"<!-- This site is optimized with the Yoast SEO plugin v27.3 - https:\/\/yoast.com\/product\/yoast-seo-wordpress\/ -->\n<title>\u00d4 Loft du p&#039;tit Grenier - Chalets Lac M\u00e9gantic<\/title>\n<meta name=\"description\" content=\"Chalet \u00e0 louer situ\u00e9 dans les Cantons de l\u2019est, directement au bord du Lac-M\u00e9gantic incluant les embarcations nautiques, cette r\u00e9sidence touristique est classifi\u00e9e 4 \u00e9toiles.\" \/>\n<meta name=\"robots\" content=\"index, follow, max-snippet:-1, max-image-preview:large, max-video-preview:-1\" \/>\n<link rel=\"canonical\" href=\"https:\/\/www.chaletslacmegantic.com\/o-loft-du-ptit-grenier\/\" \/>\n<meta property=\"og:locale\" content=\"en_US\" \/>\n<meta property=\"og:type\" content=\"article\" \/>\n<meta property=\"og:title\" content=\"\u00d4 Loft du p&#039;tit Grenier - Chalets Lac M\u00e9gantic\" \/>\n<meta property=\"og:description\" content=\"Chalet \u00e0 louer situ\u00e9 dans les Cantons de l\u2019est, directement au bord du Lac-M\u00e9gantic incluant les embarcations nautiques, cette r\u00e9sidence touristique est classifi\u00e9e 4 \u00e9toiles.\" \/>\n<meta property=\"og:url\" content=\"https:\/\/www.chaletslacmegantic.com\/o-loft-du-ptit-grenier\/\" \/>\n<meta property=\"og:site_name\" content=\"Chalets Lac M\u00e9gantic\" \/>\n<meta property=\"article:modified_time\" content=\"2024-11-08T21:41:48+00:00\" \/>\n<meta property=\"og:image\" content=\"https:\/\/www.chaletslacmegantic.com\/wp-content\/uploads\/2024\/11\/Opengraph-fr.jpg\" \/>\n\t<meta property=\"og:image:width\" content=\"1200\" \/>\n\t<meta property=\"og:image:height\" content=\"630\" \/>\n\t<meta property=\"og:image:type\" content=\"image\/jpeg\" \/>\n<meta name=\"twitter:card\" content=\"summary_large_image\" \/>\n<meta name=\"twitter:label1\" content=\"Est. reading time\" \/>\n\t<meta name=\"twitter:data1\" content=\"1 minute\" \/>\n<script type=\"application\/ld+json\" class=\"yoast-schema-graph\">{\"@context\":\"https:\\\/\\\/schema.org\",\"@graph\":[{\"@type\":\"WebPage\",\"@id\":\"https:\\\/\\\/www.chaletslacmegantic.com\\\/o-loft-du-ptit-grenier\\\/\",\"url\":\"https:\\\/\\\/www.chaletslacmegantic.com\\\/o-loft-du-ptit-grenier\\\/\",\"name\":\"\u00d4 Loft du p'tit Grenier - Chalets Lac M\u00e9gantic\",\"isPartOf\":{\"@id\":\"https:\\\/\\\/www.chaletslacmegantic.com\\\/#website\"},\"datePublished\":\"2020-01-24T14:29:57+00:00\",\"dateModified\":\"2024-11-08T21:41:48+00:00\",\"description\":\"Chalet \u00e0 louer situ\u00e9 dans les Cantons de l\u2019est, directement au bord du Lac-M\u00e9gantic incluant les embarcations nautiques, cette r\u00e9sidence touristique est classifi\u00e9e 4 \u00e9toiles.\",\"breadcrumb\":{\"@id\":\"https:\\\/\\\/www.chaletslacmegantic.com\\\/o-loft-du-ptit-grenier\\\/#breadcrumb\"},\"inLanguage\":\"en-US\",\"potentialAction\":[{\"@type\":\"ReadAction\",\"target\":[\"https:\\\/\\\/www.chaletslacmegantic.com\\\/o-loft-du-ptit-grenier\\\/\"]}]},{\"@type\":\"BreadcrumbList\",\"@id\":\"https:\\\/\\\/www.chaletslacmegantic.com\\\/o-loft-du-ptit-grenier\\\/#breadcrumb\",\"itemListElement\":[{\"@type\":\"ListItem\",\"position\":1,\"name\":\"Accueil\",\"item\":\"https:\\\/\\\/www.chaletslacmegantic.com\\\/en\\\/\"},{\"@type\":\"ListItem\",\"position\":2,\"name\":\"\u00d4 Loft du p&rsquo;tit Grenier\"}]},{\"@type\":\"WebSite\",\"@id\":\"https:\\\/\\\/www.chaletslacmegantic.com\\\/#website\",\"url\":\"https:\\\/\\\/www.chaletslacmegantic.com\\\/\",\"name\":\"Chalets Lac M\u00e9gantic\",\"description\":\"\",\"potentialAction\":[{\"@type\":\"SearchAction\",\"target\":{\"@type\":\"EntryPoint\",\"urlTemplate\":\"https:\\\/\\\/www.chaletslacmegantic.com\\\/?s={search_term_string}\"},\"query-input\":{\"@type\":\"PropertyValueSpecification\",\"valueRequired\":true,\"valueName\":\"search_term_string\"}}],\"inLanguage\":\"en-US\"}]}<\/script>\n<!-- \/ Yoast SEO plugin. -->","yoast_head_json":{"title":"\u00d4 Loft du p'tit Grenier - Chalets Lac M\u00e9gantic","description":"Chalet \u00e0 louer situ\u00e9 dans les Cantons de l\u2019est, directement au bord du Lac-M\u00e9gantic incluant les embarcations nautiques, cette r\u00e9sidence touristique est classifi\u00e9e 4 \u00e9toiles.","robots":{"index":"index","follow":"follow","max-snippet":"max-snippet:-1","max-image-preview":"max-image-preview:large","max-video-preview":"max-video-preview:-1"},"canonical":"https:\/\/www.chaletslacmegantic.com\/o-loft-du-ptit-grenier\/","og_locale":"en_US","og_type":"article","og_title":"\u00d4 Loft du p'tit Grenier - Chalets Lac M\u00e9gantic","og_description":"Chalet \u00e0 louer situ\u00e9 dans les Cantons de l\u2019est, directement au bord du Lac-M\u00e9gantic incluant les embarcations nautiques, cette r\u00e9sidence touristique est classifi\u00e9e 4 \u00e9toiles.","og_url":"https:\/\/www.chaletslacmegantic.com\/o-loft-du-ptit-grenier\/","og_site_name":"Chalets Lac M\u00e9gantic","article_modified_time":"2024-11-08T21:41:48+00:00","og_image":[{"width":1200,"height":630,"url":"https:\/\/www.chaletslacmegantic.com\/wp-content\/uploads\/2024\/11\/Opengraph-fr.jpg","type":"image\/jpeg"}],"twitter_card":"summary_large_image","twitter_misc":{"Est. reading time":"1 minute"},"schema":{"@context":"https:\/\/schema.org","@graph":[{"@type":"WebPage","@id":"https:\/\/www.chaletslacmegantic.com\/o-loft-du-ptit-grenier\/","url":"https:\/\/www.chaletslacmegantic.com\/o-loft-du-ptit-grenier\/","name":"\u00d4 Loft du p'tit Grenier - Chalets Lac M\u00e9gantic","isPartOf":{"@id":"https:\/\/www.chaletslacmegantic.com\/#website"},"datePublished":"2020-01-24T14:29:57+00:00","dateModified":"2024-11-08T21:41:48+00:00","description":"Chalet \u00e0 louer situ\u00e9 dans les Cantons de l\u2019est, directement au bord du Lac-M\u00e9gantic incluant les embarcations nautiques, cette r\u00e9sidence touristique est classifi\u00e9e 4 \u00e9toiles.","breadcrumb":{"@id":"https:\/\/www.chaletslacmegantic.com\/o-loft-du-ptit-grenier\/#breadcrumb"},"inLanguage":"en-US","potentialAction":[{"@type":"ReadAction","target":["https:\/\/www.chaletslacmegantic.com\/o-loft-du-ptit-grenier\/"]}]},{"@type":"BreadcrumbList","@id":"https:\/\/www.chaletslacmegantic.com\/o-loft-du-ptit-grenier\/#breadcrumb","itemListElement":[{"@type":"ListItem","position":1,"name":"Accueil","item":"https:\/\/www.chaletslacmegantic.com\/en\/"},{"@type":"ListItem","position":2,"name":"\u00d4 Loft du p&rsquo;tit Grenier"}]},{"@type":"WebSite","@id":"https:\/\/www.chaletslacmegantic.com\/#website","url":"https:\/\/www.chaletslacmegantic.com\/","name":"Chalets Lac M\u00e9gantic","description":"","potentialAction":[{"@type":"SearchAction","target":{"@type":"EntryPoint","urlTemplate":"https:\/\/www.chaletslacmegantic.com\/?s={search_term_string}"},"query-input":{"@type":"PropertyValueSpecification","valueRequired":true,"valueName":"search_term_string"}}],"inLanguage":"en-US"}]}},"_links":{"self":[{"href":"https:\/\/www.chaletslacmegantic.com\/en\/wp-json\/wp\/v2\/pages\/982","targetHints":{"allow":["GET"]}}],"collection":[{"href":"https:\/\/www.chaletslacmegantic.com\/en\/wp-json\/wp\/v2\/pages"}],"about":[{"href":"https:\/\/www.chaletslacmegantic.com\/en\/wp-json\/wp\/v2\/types\/page"}],"author":[{"embeddable":true,"href":"https:\/\/www.chaletslacmegantic.com\/en\/wp-json\/wp\/v2\/users\/1"}],"replies":[{"embeddable":true,"href":"https:\/\/www.chaletslacmegantic.com\/en\/wp-json\/wp\/v2\/comments?post=982"}],"version-history":[{"count":17,"href":"https:\/\/www.chaletslacmegantic.com\/en\/wp-json\/wp\/v2\/pages\/982\/revisions"}],"predecessor-version":[{"id":3149,"href":"https:\/\/www.chaletslacmegantic.com\/en\/wp-json\/wp\/v2\/pages\/982\/revisions\/3149"}],"wp:attachment":[{"href":"https:\/\/www.chaletslacmegantic.com\/en\/wp-json\/wp\/v2\/media?parent=982"}],"curies":[{"name":"wp","href":"https:\/\/api.w.org\/{rel}","templated":true}]}}