{"id":3203,"date":"2024-11-11T12:30:16","date_gmt":"2024-11-11T17:30:16","guid":{"rendered":"https:\/\/www.cheztintinetmolie.ca\/?page_id=3203"},"modified":"2024-11-11T12:31:45","modified_gmt":"2024-11-11T17:31:45","slug":"privacy-policy","status":"publish","type":"page","link":"https:\/\/www.chaletslacmegantic.com\/en\/privacy-policy\/","title":{"rendered":"Privacy Policy"},"content":{"rendered":"<p>This privacy statement governs how Chalets Lac M\u00e9gantic Inc. collects, uses, discloses, and protects personal information in accordance with Quebec\u2019s Law 25, Canada. We place a high priority on safeguarding the privacy of our users and are committed to respecting and protecting their personal information.<\/p>\n<h3>Collection of Personal Information<\/h3>\n<p>When you use our website or services, we may collect personal information about you, including but not limited to:<\/p>\n<ul>\n<li>Your name<\/li>\n<li>Your email address<\/li>\n<li>Your phone number<\/li>\n<li>Other personal information you choose to provide us<\/li>\n<\/ul>\n<p>We collect this information solely to provide you with our services, respond to your requests, and inform you about our products and services.<\/p>\n<h3>Use of Personal Information<\/h3>\n<p>We use the personal information we collect for the following purposes:<\/p>\n<ul>\n<li>To provide you with our services<\/li>\n<li>To respond to your questions and requests<\/li>\n<li>To improve our website and services<\/li>\n<li>To inform you of our offers, promotions, and updates<\/li>\n<li>To comply with applicable law<\/li>\n<li>Disclosure of Personal Information<\/li>\n<\/ul>\n<p>We do not sell, rent, or disclose your personal information to third parties without your consent, except as required by law.<\/p>\n<h3>Security of Personal Information<\/h3>\n<p>We implement appropriate security measures to protect your personal information from unauthorized access or disclosure. However, no method of transmission over the Internet or electronic storage is completely secure, and we cannot guarantee absolute security of your information.<\/p>\n<h3>Your Rights<\/h3>\n<p>In accordance with Law 25, you have the right to access, correct, or delete your personal information. You may also withdraw your consent to the processing of your personal information at any time.<\/p>\n<h3>Privacy Officer<\/h3>\n<p>Caroline Raymond<\/p>\n<h3>Contact<\/h3>\n<p>If you have any questions or concerns about our privacy statement or how we handle your personal information, please contact us:<\/p>\n<ul>\n<li>Email: <a href=\"mailto:tintinetmolie@hotmail.com\">tintinetmolie@hotmail.com<\/a><\/li>\n<li>Phone: <a href=\"tel:+15146044722\">514 604-4722<\/a><\/li>\n<\/ul>\n<p>We may update this privacy statement from time to time to reflect changes in our privacy practices. Please check this page regularly to stay informed of the latest updates.<\/p>\n<p>Last updated: November 6, 2024<\/p>\n","protected":false},"excerpt":{"rendered":"<p>This privacy statement governs how Chalets Lac M\u00e9gantic Inc. collects, uses, discloses, and protects personal information in accordance with Quebec\u2019s Law 25, Canada. We place a high priority on safeguarding the privacy of our users and are committed to respecting and protecting their personal information. Collection of Personal Information When you use our website or [&hellip;]<\/p>\n","protected":false},"author":1,"featured_media":0,"parent":0,"menu_order":0,"comment_status":"closed","ping_status":"closed","template":"","meta":{"_acf_changed":false,"_exactmetrics_skip_tracking":false,"_exactmetrics_sitenote_active":false,"_exactmetrics_sitenote_note":"","_exactmetrics_sitenote_category":0,"footnotes":""},"class_list":["post-3203","page","type-page","status-publish","hentry"],"acf":[],"yoast_head":"<!-- This site is optimized with the Yoast SEO plugin v27.3 - https:\/\/yoast.com\/product\/yoast-seo-wordpress\/ -->\n<title>Privacy Policy - Chalets Lac M\u00e9gantic<\/title>\n<meta name=\"description\" content=\"Chalet \u00e0 louer situ\u00e9 dans les Cantons de l\u2019est, directement au bord du Lac-M\u00e9gantic incluant les embarcations nautiques, cette r\u00e9sidence touristique est classifi\u00e9e 4 \u00e9toiles.\" \/>\n<meta name=\"robots\" content=\"index, follow, max-snippet:-1, max-image-preview:large, max-video-preview:-1\" \/>\n<link rel=\"canonical\" href=\"https:\/\/www.chaletslacmegantic.com\/en\/privacy-policy\/\" \/>\n<meta property=\"og:locale\" content=\"en_US\" \/>\n<meta property=\"og:type\" content=\"article\" \/>\n<meta property=\"og:title\" content=\"Privacy Policy - Chalets Lac M\u00e9gantic\" \/>\n<meta property=\"og:description\" content=\"Chalet \u00e0 louer situ\u00e9 dans les Cantons de l\u2019est, directement au bord du Lac-M\u00e9gantic incluant les embarcations nautiques, cette r\u00e9sidence touristique est classifi\u00e9e 4 \u00e9toiles.\" \/>\n<meta property=\"og:url\" content=\"https:\/\/www.chaletslacmegantic.com\/en\/privacy-policy\/\" \/>\n<meta property=\"og:site_name\" content=\"Chalets Lac M\u00e9gantic\" \/>\n<meta property=\"article:modified_time\" content=\"2024-11-11T17:31:45+00:00\" \/>\n<meta property=\"og:image\" content=\"https:\/\/www.chaletslacmegantic.com\/wp-content\/uploads\/2024\/11\/Opengraph-fr.jpg\" \/>\n\t<meta property=\"og:image:width\" content=\"1200\" \/>\n\t<meta property=\"og:image:height\" content=\"630\" \/>\n\t<meta property=\"og:image:type\" content=\"image\/jpeg\" \/>\n<meta name=\"twitter:card\" content=\"summary_large_image\" \/>\n<meta name=\"twitter:label1\" content=\"Est. reading time\" \/>\n\t<meta name=\"twitter:data1\" content=\"2 minutes\" \/>\n<script type=\"application\/ld+json\" class=\"yoast-schema-graph\">{\"@context\":\"https:\\\/\\\/schema.org\",\"@graph\":[{\"@type\":\"WebPage\",\"@id\":\"https:\\\/\\\/www.chaletslacmegantic.com\\\/en\\\/privacy-policy\\\/\",\"url\":\"https:\\\/\\\/www.chaletslacmegantic.com\\\/en\\\/privacy-policy\\\/\",\"name\":\"Privacy Policy - Chalets Lac M\u00e9gantic\",\"isPartOf\":{\"@id\":\"https:\\\/\\\/www.chaletslacmegantic.com\\\/#website\"},\"datePublished\":\"2024-11-11T17:30:16+00:00\",\"dateModified\":\"2024-11-11T17:31:45+00:00\",\"description\":\"Chalet \u00e0 louer situ\u00e9 dans les Cantons de l\u2019est, directement au bord du Lac-M\u00e9gantic incluant les embarcations nautiques, cette r\u00e9sidence touristique est classifi\u00e9e 4 \u00e9toiles.\",\"breadcrumb\":{\"@id\":\"https:\\\/\\\/www.chaletslacmegantic.com\\\/en\\\/privacy-policy\\\/#breadcrumb\"},\"inLanguage\":\"en-US\",\"potentialAction\":[{\"@type\":\"ReadAction\",\"target\":[\"https:\\\/\\\/www.chaletslacmegantic.com\\\/en\\\/privacy-policy\\\/\"]}]},{\"@type\":\"BreadcrumbList\",\"@id\":\"https:\\\/\\\/www.chaletslacmegantic.com\\\/en\\\/privacy-policy\\\/#breadcrumb\",\"itemListElement\":[{\"@type\":\"ListItem\",\"position\":1,\"name\":\"Accueil\",\"item\":\"https:\\\/\\\/www.chaletslacmegantic.com\\\/en\\\/\"},{\"@type\":\"ListItem\",\"position\":2,\"name\":\"Privacy Policy\"}]},{\"@type\":\"WebSite\",\"@id\":\"https:\\\/\\\/www.chaletslacmegantic.com\\\/#website\",\"url\":\"https:\\\/\\\/www.chaletslacmegantic.com\\\/\",\"name\":\"Chalets Lac M\u00e9gantic\",\"description\":\"\",\"potentialAction\":[{\"@type\":\"SearchAction\",\"target\":{\"@type\":\"EntryPoint\",\"urlTemplate\":\"https:\\\/\\\/www.chaletslacmegantic.com\\\/?s={search_term_string}\"},\"query-input\":{\"@type\":\"PropertyValueSpecification\",\"valueRequired\":true,\"valueName\":\"search_term_string\"}}],\"inLanguage\":\"en-US\"}]}<\/script>\n<!-- \/ Yoast SEO plugin. -->","yoast_head_json":{"title":"Privacy Policy - Chalets Lac M\u00e9gantic","description":"Chalet \u00e0 louer situ\u00e9 dans les Cantons de l\u2019est, directement au bord du Lac-M\u00e9gantic incluant les embarcations nautiques, cette r\u00e9sidence touristique est classifi\u00e9e 4 \u00e9toiles.","robots":{"index":"index","follow":"follow","max-snippet":"max-snippet:-1","max-image-preview":"max-image-preview:large","max-video-preview":"max-video-preview:-1"},"canonical":"https:\/\/www.chaletslacmegantic.com\/en\/privacy-policy\/","og_locale":"en_US","og_type":"article","og_title":"Privacy Policy - Chalets Lac M\u00e9gantic","og_description":"Chalet \u00e0 louer situ\u00e9 dans les Cantons de l\u2019est, directement au bord du Lac-M\u00e9gantic incluant les embarcations nautiques, cette r\u00e9sidence touristique est classifi\u00e9e 4 \u00e9toiles.","og_url":"https:\/\/www.chaletslacmegantic.com\/en\/privacy-policy\/","og_site_name":"Chalets Lac M\u00e9gantic","article_modified_time":"2024-11-11T17:31:45+00:00","og_image":[{"width":1200,"height":630,"url":"https:\/\/www.chaletslacmegantic.com\/wp-content\/uploads\/2024\/11\/Opengraph-fr.jpg","type":"image\/jpeg"}],"twitter_card":"summary_large_image","twitter_misc":{"Est. reading time":"2 minutes"},"schema":{"@context":"https:\/\/schema.org","@graph":[{"@type":"WebPage","@id":"https:\/\/www.chaletslacmegantic.com\/en\/privacy-policy\/","url":"https:\/\/www.chaletslacmegantic.com\/en\/privacy-policy\/","name":"Privacy Policy - Chalets Lac M\u00e9gantic","isPartOf":{"@id":"https:\/\/www.chaletslacmegantic.com\/#website"},"datePublished":"2024-11-11T17:30:16+00:00","dateModified":"2024-11-11T17:31:45+00:00","description":"Chalet \u00e0 louer situ\u00e9 dans les Cantons de l\u2019est, directement au bord du Lac-M\u00e9gantic incluant les embarcations nautiques, cette r\u00e9sidence touristique est classifi\u00e9e 4 \u00e9toiles.","breadcrumb":{"@id":"https:\/\/www.chaletslacmegantic.com\/en\/privacy-policy\/#breadcrumb"},"inLanguage":"en-US","potentialAction":[{"@type":"ReadAction","target":["https:\/\/www.chaletslacmegantic.com\/en\/privacy-policy\/"]}]},{"@type":"BreadcrumbList","@id":"https:\/\/www.chaletslacmegantic.com\/en\/privacy-policy\/#breadcrumb","itemListElement":[{"@type":"ListItem","position":1,"name":"Accueil","item":"https:\/\/www.chaletslacmegantic.com\/en\/"},{"@type":"ListItem","position":2,"name":"Privacy Policy"}]},{"@type":"WebSite","@id":"https:\/\/www.chaletslacmegantic.com\/#website","url":"https:\/\/www.chaletslacmegantic.com\/","name":"Chalets Lac M\u00e9gantic","description":"","potentialAction":[{"@type":"SearchAction","target":{"@type":"EntryPoint","urlTemplate":"https:\/\/www.chaletslacmegantic.com\/?s={search_term_string}"},"query-input":{"@type":"PropertyValueSpecification","valueRequired":true,"valueName":"search_term_string"}}],"inLanguage":"en-US"}]}},"_links":{"self":[{"href":"https:\/\/www.chaletslacmegantic.com\/en\/wp-json\/wp\/v2\/pages\/3203","targetHints":{"allow":["GET"]}}],"collection":[{"href":"https:\/\/www.chaletslacmegantic.com\/en\/wp-json\/wp\/v2\/pages"}],"about":[{"href":"https:\/\/www.chaletslacmegantic.com\/en\/wp-json\/wp\/v2\/types\/page"}],"author":[{"embeddable":true,"href":"https:\/\/www.chaletslacmegantic.com\/en\/wp-json\/wp\/v2\/users\/1"}],"replies":[{"embeddable":true,"href":"https:\/\/www.chaletslacmegantic.com\/en\/wp-json\/wp\/v2\/comments?post=3203"}],"version-history":[{"count":2,"href":"https:\/\/www.chaletslacmegantic.com\/en\/wp-json\/wp\/v2\/pages\/3203\/revisions"}],"predecessor-version":[{"id":3205,"href":"https:\/\/www.chaletslacmegantic.com\/en\/wp-json\/wp\/v2\/pages\/3203\/revisions\/3205"}],"wp:attachment":[{"href":"https:\/\/www.chaletslacmegantic.com\/en\/wp-json\/wp\/v2\/media?parent=3203"}],"curies":[{"name":"wp","href":"https:\/\/api.w.org\/{rel}","templated":true}]}}