{"id":3060,"date":"2024-11-07T16:18:29","date_gmt":"2024-11-07T21:18:29","guid":{"rendered":"https:\/\/www.cheztintinetmolie.ca\/?page_id=3060"},"modified":"2024-11-08T17:29:00","modified_gmt":"2024-11-08T22:29:00","slug":"about-us","status":"publish","type":"page","link":"https:\/\/www.chaletslacmegantic.com\/en\/about-us\/","title":{"rendered":"About us"},"content":{"rendered":"<h3 style=\"text-align: center;\">Welcome to chalets Lac M\u00e9gantic.<\/h3>\n<p style=\"text-align: center;\">We offer seven unique chalets, each providing an exceptional natural setting and modern amenities for a comfortable and memorable stay. Whether you&#8217;re looking for relaxation, outdoor adventure, or quality time with family and friends, our chalets are designed to meet your needs. Discover breathtaking landscapes, explore the surrounding trails, and enjoy the tranquility of the area. We look forward to welcoming you and helping make your stay an unforgettable experience.<\/p>\n","protected":false},"excerpt":{"rendered":"<p>Welcome to chalets Lac M\u00e9gantic. We offer seven unique chalets, each providing an exceptional natural setting and modern amenities for a comfortable and memorable stay. Whether you&#8217;re looking for relaxation, outdoor adventure, or quality time with family and friends, our chalets are designed to meet your needs. Discover breathtaking landscapes, explore the surrounding trails, and [&hellip;]<\/p>\n","protected":false},"author":1,"featured_media":0,"parent":0,"menu_order":0,"comment_status":"closed","ping_status":"closed","template":"t-about.php","meta":{"_acf_changed":false,"_exactmetrics_skip_tracking":false,"_exactmetrics_sitenote_active":false,"_exactmetrics_sitenote_note":"","_exactmetrics_sitenote_category":0,"footnotes":""},"class_list":["post-3060","page","type-page","status-publish","hentry"],"acf":[],"yoast_head":"<!-- This site is optimized with the Yoast SEO plugin v27.3 - https:\/\/yoast.com\/product\/yoast-seo-wordpress\/ -->\n<title>About us - Chalets Lac M\u00e9gantic<\/title>\n<meta name=\"description\" content=\"Chalet \u00e0 louer situ\u00e9 dans les Cantons de l\u2019est, directement au bord du Lac-M\u00e9gantic incluant les embarcations nautiques, cette r\u00e9sidence touristique est classifi\u00e9e 4 \u00e9toiles.\" \/>\n<meta name=\"robots\" content=\"index, follow, max-snippet:-1, max-image-preview:large, max-video-preview:-1\" \/>\n<link rel=\"canonical\" href=\"https:\/\/www.chaletslacmegantic.com\/en\/about-us\/\" \/>\n<meta property=\"og:locale\" content=\"en_US\" \/>\n<meta property=\"og:type\" content=\"article\" \/>\n<meta property=\"og:title\" content=\"About us - Chalets Lac M\u00e9gantic\" \/>\n<meta property=\"og:description\" content=\"Chalet \u00e0 louer situ\u00e9 dans les Cantons de l\u2019est, directement au bord du Lac-M\u00e9gantic incluant les embarcations nautiques, cette r\u00e9sidence touristique est classifi\u00e9e 4 \u00e9toiles.\" \/>\n<meta property=\"og:url\" content=\"https:\/\/www.chaletslacmegantic.com\/en\/about-us\/\" \/>\n<meta property=\"og:site_name\" content=\"Chalets Lac M\u00e9gantic\" \/>\n<meta property=\"article:modified_time\" content=\"2024-11-08T22:29:00+00:00\" \/>\n<meta property=\"og:image\" content=\"https:\/\/www.chaletslacmegantic.com\/wp-content\/uploads\/2024\/11\/Opengraph-fr.jpg\" \/>\n\t<meta property=\"og:image:width\" content=\"1200\" \/>\n\t<meta property=\"og:image:height\" content=\"630\" \/>\n\t<meta property=\"og:image:type\" content=\"image\/jpeg\" \/>\n<meta name=\"twitter:card\" content=\"summary_large_image\" \/>\n<meta name=\"twitter:label1\" content=\"Est. reading time\" \/>\n\t<meta name=\"twitter:data1\" content=\"1 minute\" \/>\n<script type=\"application\/ld+json\" class=\"yoast-schema-graph\">{\"@context\":\"https:\\\/\\\/schema.org\",\"@graph\":[{\"@type\":\"WebPage\",\"@id\":\"https:\\\/\\\/www.chaletslacmegantic.com\\\/en\\\/about-us\\\/\",\"url\":\"https:\\\/\\\/www.chaletslacmegantic.com\\\/en\\\/about-us\\\/\",\"name\":\"About us - Chalets Lac M\u00e9gantic\",\"isPartOf\":{\"@id\":\"https:\\\/\\\/www.chaletslacmegantic.com\\\/#website\"},\"datePublished\":\"2024-11-07T21:18:29+00:00\",\"dateModified\":\"2024-11-08T22:29:00+00:00\",\"description\":\"Chalet \u00e0 louer situ\u00e9 dans les Cantons de l\u2019est, directement au bord du Lac-M\u00e9gantic incluant les embarcations nautiques, cette r\u00e9sidence touristique est classifi\u00e9e 4 \u00e9toiles.\",\"breadcrumb\":{\"@id\":\"https:\\\/\\\/www.chaletslacmegantic.com\\\/en\\\/about-us\\\/#breadcrumb\"},\"inLanguage\":\"en-US\",\"potentialAction\":[{\"@type\":\"ReadAction\",\"target\":[\"https:\\\/\\\/www.chaletslacmegantic.com\\\/en\\\/about-us\\\/\"]}]},{\"@type\":\"BreadcrumbList\",\"@id\":\"https:\\\/\\\/www.chaletslacmegantic.com\\\/en\\\/about-us\\\/#breadcrumb\",\"itemListElement\":[{\"@type\":\"ListItem\",\"position\":1,\"name\":\"Accueil\",\"item\":\"https:\\\/\\\/www.chaletslacmegantic.com\\\/en\\\/\"},{\"@type\":\"ListItem\",\"position\":2,\"name\":\"About us\"}]},{\"@type\":\"WebSite\",\"@id\":\"https:\\\/\\\/www.chaletslacmegantic.com\\\/#website\",\"url\":\"https:\\\/\\\/www.chaletslacmegantic.com\\\/\",\"name\":\"Chalets Lac M\u00e9gantic\",\"description\":\"\",\"potentialAction\":[{\"@type\":\"SearchAction\",\"target\":{\"@type\":\"EntryPoint\",\"urlTemplate\":\"https:\\\/\\\/www.chaletslacmegantic.com\\\/?s={search_term_string}\"},\"query-input\":{\"@type\":\"PropertyValueSpecification\",\"valueRequired\":true,\"valueName\":\"search_term_string\"}}],\"inLanguage\":\"en-US\"}]}<\/script>\n<!-- \/ Yoast SEO plugin. -->","yoast_head_json":{"title":"About us - Chalets Lac M\u00e9gantic","description":"Chalet \u00e0 louer situ\u00e9 dans les Cantons de l\u2019est, directement au bord du Lac-M\u00e9gantic incluant les embarcations nautiques, cette r\u00e9sidence touristique est classifi\u00e9e 4 \u00e9toiles.","robots":{"index":"index","follow":"follow","max-snippet":"max-snippet:-1","max-image-preview":"max-image-preview:large","max-video-preview":"max-video-preview:-1"},"canonical":"https:\/\/www.chaletslacmegantic.com\/en\/about-us\/","og_locale":"en_US","og_type":"article","og_title":"About us - Chalets Lac M\u00e9gantic","og_description":"Chalet \u00e0 louer situ\u00e9 dans les Cantons de l\u2019est, directement au bord du Lac-M\u00e9gantic incluant les embarcations nautiques, cette r\u00e9sidence touristique est classifi\u00e9e 4 \u00e9toiles.","og_url":"https:\/\/www.chaletslacmegantic.com\/en\/about-us\/","og_site_name":"Chalets Lac M\u00e9gantic","article_modified_time":"2024-11-08T22:29:00+00:00","og_image":[{"width":1200,"height":630,"url":"https:\/\/www.chaletslacmegantic.com\/wp-content\/uploads\/2024\/11\/Opengraph-fr.jpg","type":"image\/jpeg"}],"twitter_card":"summary_large_image","twitter_misc":{"Est. reading time":"1 minute"},"schema":{"@context":"https:\/\/schema.org","@graph":[{"@type":"WebPage","@id":"https:\/\/www.chaletslacmegantic.com\/en\/about-us\/","url":"https:\/\/www.chaletslacmegantic.com\/en\/about-us\/","name":"About us - Chalets Lac M\u00e9gantic","isPartOf":{"@id":"https:\/\/www.chaletslacmegantic.com\/#website"},"datePublished":"2024-11-07T21:18:29+00:00","dateModified":"2024-11-08T22:29:00+00:00","description":"Chalet \u00e0 louer situ\u00e9 dans les Cantons de l\u2019est, directement au bord du Lac-M\u00e9gantic incluant les embarcations nautiques, cette r\u00e9sidence touristique est classifi\u00e9e 4 \u00e9toiles.","breadcrumb":{"@id":"https:\/\/www.chaletslacmegantic.com\/en\/about-us\/#breadcrumb"},"inLanguage":"en-US","potentialAction":[{"@type":"ReadAction","target":["https:\/\/www.chaletslacmegantic.com\/en\/about-us\/"]}]},{"@type":"BreadcrumbList","@id":"https:\/\/www.chaletslacmegantic.com\/en\/about-us\/#breadcrumb","itemListElement":[{"@type":"ListItem","position":1,"name":"Accueil","item":"https:\/\/www.chaletslacmegantic.com\/en\/"},{"@type":"ListItem","position":2,"name":"About us"}]},{"@type":"WebSite","@id":"https:\/\/www.chaletslacmegantic.com\/#website","url":"https:\/\/www.chaletslacmegantic.com\/","name":"Chalets Lac M\u00e9gantic","description":"","potentialAction":[{"@type":"SearchAction","target":{"@type":"EntryPoint","urlTemplate":"https:\/\/www.chaletslacmegantic.com\/?s={search_term_string}"},"query-input":{"@type":"PropertyValueSpecification","valueRequired":true,"valueName":"search_term_string"}}],"inLanguage":"en-US"}]}},"_links":{"self":[{"href":"https:\/\/www.chaletslacmegantic.com\/en\/wp-json\/wp\/v2\/pages\/3060","targetHints":{"allow":["GET"]}}],"collection":[{"href":"https:\/\/www.chaletslacmegantic.com\/en\/wp-json\/wp\/v2\/pages"}],"about":[{"href":"https:\/\/www.chaletslacmegantic.com\/en\/wp-json\/wp\/v2\/types\/page"}],"author":[{"embeddable":true,"href":"https:\/\/www.chaletslacmegantic.com\/en\/wp-json\/wp\/v2\/users\/1"}],"replies":[{"embeddable":true,"href":"https:\/\/www.chaletslacmegantic.com\/en\/wp-json\/wp\/v2\/comments?post=3060"}],"version-history":[{"count":3,"href":"https:\/\/www.chaletslacmegantic.com\/en\/wp-json\/wp\/v2\/pages\/3060\/revisions"}],"predecessor-version":[{"id":3185,"href":"https:\/\/www.chaletslacmegantic.com\/en\/wp-json\/wp\/v2\/pages\/3060\/revisions\/3185"}],"wp:attachment":[{"href":"https:\/\/www.chaletslacmegantic.com\/en\/wp-json\/wp\/v2\/media?parent=3060"}],"curies":[{"name":"wp","href":"https:\/\/api.w.org\/{rel}","templated":true}]}}