{"id":3056,"date":"2024-11-07T16:17:58","date_gmt":"2024-11-07T21:17:58","guid":{"rendered":"https:\/\/www.cheztintinetmolie.ca\/?page_id=3056"},"modified":"2024-11-08T12:12:25","modified_gmt":"2024-11-08T17:12:25","slug":"contact","status":"publish","type":"page","link":"https:\/\/www.chaletslacmegantic.com\/en\/contact\/","title":{"rendered":"Contact"},"content":{"rendered":"<h2 style=\"text-align: center;\">Do you have questions or want to know more about our cottages?<\/h2>\n<p style=\"text-align: center;\">Don\u2019t hesitate to reach out! Our team is here to help you plan your stay and answer all your questions. Whether it\u2019s about amenities, availability, or activities in the area, we\u2019re here to assist you.<\/p>\n","protected":false},"excerpt":{"rendered":"<p>Do you have questions or want to know more about our cottages? Don\u2019t hesitate to reach out! Our team is here to help you plan your stay and answer all your questions. Whether it\u2019s about amenities, availability, or activities in the area, we\u2019re here to assist you.<\/p>\n","protected":false},"author":1,"featured_media":0,"parent":0,"menu_order":0,"comment_status":"closed","ping_status":"closed","template":"t-contact.php","meta":{"_acf_changed":false,"_exactmetrics_skip_tracking":false,"_exactmetrics_sitenote_active":false,"_exactmetrics_sitenote_note":"","_exactmetrics_sitenote_category":0,"footnotes":""},"class_list":["post-3056","page","type-page","status-publish","hentry"],"acf":[],"yoast_head":"<!-- This site is optimized with the Yoast SEO plugin v27.3 - https:\/\/yoast.com\/product\/yoast-seo-wordpress\/ -->\n<title>Contact - Chalets Lac M\u00e9gantic<\/title>\n<meta name=\"description\" content=\"Chalet \u00e0 louer situ\u00e9 dans les Cantons de l\u2019est, directement au bord du Lac-M\u00e9gantic incluant les embarcations nautiques, cette r\u00e9sidence touristique est classifi\u00e9e 4 \u00e9toiles.\" \/>\n<meta name=\"robots\" content=\"index, follow, max-snippet:-1, max-image-preview:large, max-video-preview:-1\" \/>\n<link rel=\"canonical\" href=\"https:\/\/www.chaletslacmegantic.com\/en\/contact\/\" \/>\n<meta property=\"og:locale\" content=\"en_US\" \/>\n<meta property=\"og:type\" content=\"article\" \/>\n<meta property=\"og:title\" content=\"Contact - Chalets Lac M\u00e9gantic\" \/>\n<meta property=\"og:description\" content=\"Chalet \u00e0 louer situ\u00e9 dans les Cantons de l\u2019est, directement au bord du Lac-M\u00e9gantic incluant les embarcations nautiques, cette r\u00e9sidence touristique est classifi\u00e9e 4 \u00e9toiles.\" \/>\n<meta property=\"og:url\" content=\"https:\/\/www.chaletslacmegantic.com\/en\/contact\/\" \/>\n<meta property=\"og:site_name\" content=\"Chalets Lac M\u00e9gantic\" \/>\n<meta property=\"article:modified_time\" content=\"2024-11-08T17:12:25+00:00\" \/>\n<meta property=\"og:image\" content=\"https:\/\/www.chaletslacmegantic.com\/wp-content\/uploads\/2024\/11\/Opengraph-fr.jpg\" \/>\n\t<meta property=\"og:image:width\" content=\"1200\" \/>\n\t<meta property=\"og:image:height\" content=\"630\" \/>\n\t<meta property=\"og:image:type\" content=\"image\/jpeg\" \/>\n<meta name=\"twitter:card\" content=\"summary_large_image\" \/>\n<script type=\"application\/ld+json\" class=\"yoast-schema-graph\">{\"@context\":\"https:\\\/\\\/schema.org\",\"@graph\":[{\"@type\":\"WebPage\",\"@id\":\"https:\\\/\\\/www.chaletslacmegantic.com\\\/en\\\/contact\\\/\",\"url\":\"https:\\\/\\\/www.chaletslacmegantic.com\\\/en\\\/contact\\\/\",\"name\":\"Contact - Chalets Lac M\u00e9gantic\",\"isPartOf\":{\"@id\":\"https:\\\/\\\/www.chaletslacmegantic.com\\\/#website\"},\"datePublished\":\"2024-11-07T21:17:58+00:00\",\"dateModified\":\"2024-11-08T17:12:25+00:00\",\"description\":\"Chalet \u00e0 louer situ\u00e9 dans les Cantons de l\u2019est, directement au bord du Lac-M\u00e9gantic incluant les embarcations nautiques, cette r\u00e9sidence touristique est classifi\u00e9e 4 \u00e9toiles.\",\"breadcrumb\":{\"@id\":\"https:\\\/\\\/www.chaletslacmegantic.com\\\/en\\\/contact\\\/#breadcrumb\"},\"inLanguage\":\"en-US\",\"potentialAction\":[{\"@type\":\"ReadAction\",\"target\":[\"https:\\\/\\\/www.chaletslacmegantic.com\\\/en\\\/contact\\\/\"]}]},{\"@type\":\"BreadcrumbList\",\"@id\":\"https:\\\/\\\/www.chaletslacmegantic.com\\\/en\\\/contact\\\/#breadcrumb\",\"itemListElement\":[{\"@type\":\"ListItem\",\"position\":1,\"name\":\"Accueil\",\"item\":\"https:\\\/\\\/www.chaletslacmegantic.com\\\/en\\\/\"},{\"@type\":\"ListItem\",\"position\":2,\"name\":\"Contact\"}]},{\"@type\":\"WebSite\",\"@id\":\"https:\\\/\\\/www.chaletslacmegantic.com\\\/#website\",\"url\":\"https:\\\/\\\/www.chaletslacmegantic.com\\\/\",\"name\":\"Chalets Lac M\u00e9gantic\",\"description\":\"\",\"potentialAction\":[{\"@type\":\"SearchAction\",\"target\":{\"@type\":\"EntryPoint\",\"urlTemplate\":\"https:\\\/\\\/www.chaletslacmegantic.com\\\/?s={search_term_string}\"},\"query-input\":{\"@type\":\"PropertyValueSpecification\",\"valueRequired\":true,\"valueName\":\"search_term_string\"}}],\"inLanguage\":\"en-US\"}]}<\/script>\n<!-- \/ Yoast SEO plugin. -->","yoast_head_json":{"title":"Contact - Chalets Lac M\u00e9gantic","description":"Chalet \u00e0 louer situ\u00e9 dans les Cantons de l\u2019est, directement au bord du Lac-M\u00e9gantic incluant les embarcations nautiques, cette r\u00e9sidence touristique est classifi\u00e9e 4 \u00e9toiles.","robots":{"index":"index","follow":"follow","max-snippet":"max-snippet:-1","max-image-preview":"max-image-preview:large","max-video-preview":"max-video-preview:-1"},"canonical":"https:\/\/www.chaletslacmegantic.com\/en\/contact\/","og_locale":"en_US","og_type":"article","og_title":"Contact - Chalets Lac M\u00e9gantic","og_description":"Chalet \u00e0 louer situ\u00e9 dans les Cantons de l\u2019est, directement au bord du Lac-M\u00e9gantic incluant les embarcations nautiques, cette r\u00e9sidence touristique est classifi\u00e9e 4 \u00e9toiles.","og_url":"https:\/\/www.chaletslacmegantic.com\/en\/contact\/","og_site_name":"Chalets Lac M\u00e9gantic","article_modified_time":"2024-11-08T17:12:25+00:00","og_image":[{"width":1200,"height":630,"url":"https:\/\/www.chaletslacmegantic.com\/wp-content\/uploads\/2024\/11\/Opengraph-fr.jpg","type":"image\/jpeg"}],"twitter_card":"summary_large_image","schema":{"@context":"https:\/\/schema.org","@graph":[{"@type":"WebPage","@id":"https:\/\/www.chaletslacmegantic.com\/en\/contact\/","url":"https:\/\/www.chaletslacmegantic.com\/en\/contact\/","name":"Contact - Chalets Lac M\u00e9gantic","isPartOf":{"@id":"https:\/\/www.chaletslacmegantic.com\/#website"},"datePublished":"2024-11-07T21:17:58+00:00","dateModified":"2024-11-08T17:12:25+00:00","description":"Chalet \u00e0 louer situ\u00e9 dans les Cantons de l\u2019est, directement au bord du Lac-M\u00e9gantic incluant les embarcations nautiques, cette r\u00e9sidence touristique est classifi\u00e9e 4 \u00e9toiles.","breadcrumb":{"@id":"https:\/\/www.chaletslacmegantic.com\/en\/contact\/#breadcrumb"},"inLanguage":"en-US","potentialAction":[{"@type":"ReadAction","target":["https:\/\/www.chaletslacmegantic.com\/en\/contact\/"]}]},{"@type":"BreadcrumbList","@id":"https:\/\/www.chaletslacmegantic.com\/en\/contact\/#breadcrumb","itemListElement":[{"@type":"ListItem","position":1,"name":"Accueil","item":"https:\/\/www.chaletslacmegantic.com\/en\/"},{"@type":"ListItem","position":2,"name":"Contact"}]},{"@type":"WebSite","@id":"https:\/\/www.chaletslacmegantic.com\/#website","url":"https:\/\/www.chaletslacmegantic.com\/","name":"Chalets Lac M\u00e9gantic","description":"","potentialAction":[{"@type":"SearchAction","target":{"@type":"EntryPoint","urlTemplate":"https:\/\/www.chaletslacmegantic.com\/?s={search_term_string}"},"query-input":{"@type":"PropertyValueSpecification","valueRequired":true,"valueName":"search_term_string"}}],"inLanguage":"en-US"}]}},"_links":{"self":[{"href":"https:\/\/www.chaletslacmegantic.com\/en\/wp-json\/wp\/v2\/pages\/3056","targetHints":{"allow":["GET"]}}],"collection":[{"href":"https:\/\/www.chaletslacmegantic.com\/en\/wp-json\/wp\/v2\/pages"}],"about":[{"href":"https:\/\/www.chaletslacmegantic.com\/en\/wp-json\/wp\/v2\/types\/page"}],"author":[{"embeddable":true,"href":"https:\/\/www.chaletslacmegantic.com\/en\/wp-json\/wp\/v2\/users\/1"}],"replies":[{"embeddable":true,"href":"https:\/\/www.chaletslacmegantic.com\/en\/wp-json\/wp\/v2\/comments?post=3056"}],"version-history":[{"count":3,"href":"https:\/\/www.chaletslacmegantic.com\/en\/wp-json\/wp\/v2\/pages\/3056\/revisions"}],"predecessor-version":[{"id":3092,"href":"https:\/\/www.chaletslacmegantic.com\/en\/wp-json\/wp\/v2\/pages\/3056\/revisions\/3092"}],"wp:attachment":[{"href":"https:\/\/www.chaletslacmegantic.com\/en\/wp-json\/wp\/v2\/media?parent=3056"}],"curies":[{"name":"wp","href":"https:\/\/api.w.org\/{rel}","templated":true}]}}