{"id":2961,"date":"2024-11-05T13:42:35","date_gmt":"2024-11-05T18:42:35","guid":{"rendered":"https:\/\/www.cheztintinetmolie.ca\/?page_id=2961"},"modified":"2024-11-05T13:42:35","modified_gmt":"2024-11-05T18:42:35","slug":"payment","status":"publish","type":"page","link":"https:\/\/www.chaletslacmegantic.com\/en\/payment\/","title":{"rendered":"Payment"},"content":{"rendered":"","protected":false},"excerpt":{"rendered":"","protected":false},"author":1,"featured_media":0,"parent":0,"menu_order":0,"comment_status":"closed","ping_status":"closed","template":"t-payment.php","meta":{"_acf_changed":false,"_exactmetrics_skip_tracking":false,"_exactmetrics_sitenote_active":false,"_exactmetrics_sitenote_note":"","_exactmetrics_sitenote_category":0,"footnotes":""},"class_list":["post-2961","page","type-page","status-publish","hentry"],"acf":[],"yoast_head":"<!-- This site is optimized with the Yoast SEO plugin v25.9 - https:\/\/yoast.com\/wordpress\/plugins\/seo\/ -->\n<title>Payment - Chalets Lac M\u00e9gantic<\/title>\n<meta name=\"description\" content=\"Chalet \u00e0 louer situ\u00e9 dans les Cantons de l\u2019est, directement au bord du Lac-M\u00e9gantic incluant les embarcations nautiques, cette r\u00e9sidence touristique est classifi\u00e9e 4 \u00e9toiles.\" \/>\n<meta name=\"robots\" content=\"index, follow, max-snippet:-1, max-image-preview:large, max-video-preview:-1\" \/>\n<link rel=\"canonical\" href=\"https:\/\/www.chaletslacmegantic.com\/en\/payment\/\" \/>\n<meta property=\"og:locale\" content=\"en_US\" \/>\n<meta property=\"og:type\" content=\"article\" \/>\n<meta property=\"og:title\" content=\"Payment - Chalets Lac M\u00e9gantic\" \/>\n<meta property=\"og:description\" content=\"Chalet \u00e0 louer situ\u00e9 dans les Cantons de l\u2019est, directement au bord du Lac-M\u00e9gantic incluant les embarcations nautiques, cette r\u00e9sidence touristique est classifi\u00e9e 4 \u00e9toiles.\" \/>\n<meta property=\"og:url\" content=\"https:\/\/www.chaletslacmegantic.com\/en\/payment\/\" \/>\n<meta property=\"og:site_name\" content=\"Chalets Lac M\u00e9gantic\" \/>\n<meta property=\"og:image\" content=\"https:\/\/www.chaletslacmegantic.com\/wp-content\/uploads\/2024\/11\/Opengraph-fr.jpg\" \/>\n\t<meta property=\"og:image:width\" content=\"1200\" \/>\n\t<meta property=\"og:image:height\" content=\"630\" \/>\n\t<meta property=\"og:image:type\" content=\"image\/jpeg\" \/>\n<meta name=\"twitter:card\" content=\"summary_large_image\" \/>\n<script type=\"application\/ld+json\" class=\"yoast-schema-graph\">{\"@context\":\"https:\/\/schema.org\",\"@graph\":[{\"@type\":\"WebPage\",\"@id\":\"https:\/\/www.chaletslacmegantic.com\/en\/payment\/\",\"url\":\"https:\/\/www.chaletslacmegantic.com\/en\/payment\/\",\"name\":\"Payment - Chalets Lac M\u00e9gantic\",\"isPartOf\":{\"@id\":\"https:\/\/www.chaletslacmegantic.com\/#website\"},\"datePublished\":\"2024-11-05T18:42:35+00:00\",\"description\":\"Chalet \u00e0 louer situ\u00e9 dans les Cantons de l\u2019est, directement au bord du Lac-M\u00e9gantic incluant les embarcations nautiques, cette r\u00e9sidence touristique est classifi\u00e9e 4 \u00e9toiles.\",\"breadcrumb\":{\"@id\":\"https:\/\/www.chaletslacmegantic.com\/en\/payment\/#breadcrumb\"},\"inLanguage\":\"en-US\",\"potentialAction\":[{\"@type\":\"ReadAction\",\"target\":[\"https:\/\/www.chaletslacmegantic.com\/en\/payment\/\"]}]},{\"@type\":\"BreadcrumbList\",\"@id\":\"https:\/\/www.chaletslacmegantic.com\/en\/payment\/#breadcrumb\",\"itemListElement\":[{\"@type\":\"ListItem\",\"position\":1,\"name\":\"Accueil\",\"item\":\"https:\/\/www.chaletslacmegantic.com\/en\/\"},{\"@type\":\"ListItem\",\"position\":2,\"name\":\"Payment\"}]},{\"@type\":\"WebSite\",\"@id\":\"https:\/\/www.chaletslacmegantic.com\/#website\",\"url\":\"https:\/\/www.chaletslacmegantic.com\/\",\"name\":\"Chalets Lac M\u00e9gantic\",\"description\":\"\",\"potentialAction\":[{\"@type\":\"SearchAction\",\"target\":{\"@type\":\"EntryPoint\",\"urlTemplate\":\"https:\/\/www.chaletslacmegantic.com\/?s={search_term_string}\"},\"query-input\":{\"@type\":\"PropertyValueSpecification\",\"valueRequired\":true,\"valueName\":\"search_term_string\"}}],\"inLanguage\":\"en-US\"}]}<\/script>\n<!-- \/ Yoast SEO plugin. -->","yoast_head_json":{"title":"Payment - Chalets Lac M\u00e9gantic","description":"Chalet \u00e0 louer situ\u00e9 dans les Cantons de l\u2019est, directement au bord du Lac-M\u00e9gantic incluant les embarcations nautiques, cette r\u00e9sidence touristique est classifi\u00e9e 4 \u00e9toiles.","robots":{"index":"index","follow":"follow","max-snippet":"max-snippet:-1","max-image-preview":"max-image-preview:large","max-video-preview":"max-video-preview:-1"},"canonical":"https:\/\/www.chaletslacmegantic.com\/en\/payment\/","og_locale":"en_US","og_type":"article","og_title":"Payment - Chalets Lac M\u00e9gantic","og_description":"Chalet \u00e0 louer situ\u00e9 dans les Cantons de l\u2019est, directement au bord du Lac-M\u00e9gantic incluant les embarcations nautiques, cette r\u00e9sidence touristique est classifi\u00e9e 4 \u00e9toiles.","og_url":"https:\/\/www.chaletslacmegantic.com\/en\/payment\/","og_site_name":"Chalets Lac M\u00e9gantic","og_image":[{"width":1200,"height":630,"url":"https:\/\/www.chaletslacmegantic.com\/wp-content\/uploads\/2024\/11\/Opengraph-fr.jpg","type":"image\/jpeg"}],"twitter_card":"summary_large_image","schema":{"@context":"https:\/\/schema.org","@graph":[{"@type":"WebPage","@id":"https:\/\/www.chaletslacmegantic.com\/en\/payment\/","url":"https:\/\/www.chaletslacmegantic.com\/en\/payment\/","name":"Payment - Chalets Lac M\u00e9gantic","isPartOf":{"@id":"https:\/\/www.chaletslacmegantic.com\/#website"},"datePublished":"2024-11-05T18:42:35+00:00","description":"Chalet \u00e0 louer situ\u00e9 dans les Cantons de l\u2019est, directement au bord du Lac-M\u00e9gantic incluant les embarcations nautiques, cette r\u00e9sidence touristique est classifi\u00e9e 4 \u00e9toiles.","breadcrumb":{"@id":"https:\/\/www.chaletslacmegantic.com\/en\/payment\/#breadcrumb"},"inLanguage":"en-US","potentialAction":[{"@type":"ReadAction","target":["https:\/\/www.chaletslacmegantic.com\/en\/payment\/"]}]},{"@type":"BreadcrumbList","@id":"https:\/\/www.chaletslacmegantic.com\/en\/payment\/#breadcrumb","itemListElement":[{"@type":"ListItem","position":1,"name":"Accueil","item":"https:\/\/www.chaletslacmegantic.com\/en\/"},{"@type":"ListItem","position":2,"name":"Payment"}]},{"@type":"WebSite","@id":"https:\/\/www.chaletslacmegantic.com\/#website","url":"https:\/\/www.chaletslacmegantic.com\/","name":"Chalets Lac M\u00e9gantic","description":"","potentialAction":[{"@type":"SearchAction","target":{"@type":"EntryPoint","urlTemplate":"https:\/\/www.chaletslacmegantic.com\/?s={search_term_string}"},"query-input":{"@type":"PropertyValueSpecification","valueRequired":true,"valueName":"search_term_string"}}],"inLanguage":"en-US"}]}},"_links":{"self":[{"href":"https:\/\/www.chaletslacmegantic.com\/en\/wp-json\/wp\/v2\/pages\/2961","targetHints":{"allow":["GET"]}}],"collection":[{"href":"https:\/\/www.chaletslacmegantic.com\/en\/wp-json\/wp\/v2\/pages"}],"about":[{"href":"https:\/\/www.chaletslacmegantic.com\/en\/wp-json\/wp\/v2\/types\/page"}],"author":[{"embeddable":true,"href":"https:\/\/www.chaletslacmegantic.com\/en\/wp-json\/wp\/v2\/users\/1"}],"replies":[{"embeddable":true,"href":"https:\/\/www.chaletslacmegantic.com\/en\/wp-json\/wp\/v2\/comments?post=2961"}],"version-history":[{"count":1,"href":"https:\/\/www.chaletslacmegantic.com\/en\/wp-json\/wp\/v2\/pages\/2961\/revisions"}],"predecessor-version":[{"id":2962,"href":"https:\/\/www.chaletslacmegantic.com\/en\/wp-json\/wp\/v2\/pages\/2961\/revisions\/2962"}],"wp:attachment":[{"href":"https:\/\/www.chaletslacmegantic.com\/en\/wp-json\/wp\/v2\/media?parent=2961"}],"curies":[{"name":"wp","href":"https:\/\/api.w.org\/{rel}","templated":true}]}}