{"id":2371,"date":"2023-07-26T17:55:10","date_gmt":"2023-07-26T21:55:10","guid":{"rendered":"https:\/\/www.cheztintinetmolie.ca\/?page_id=2371"},"modified":"2024-11-08T16:35:56","modified_gmt":"2024-11-08T21:35:56","slug":"bob-marley","status":"publish","type":"page","link":"https:\/\/www.chaletslacmegantic.com\/en\/bob-marley\/","title":{"rendered":"Bob Marley"},"content":{"rendered":"<p>Located on a domain of more than 10 acres, this accomodation is a good compromise between camping and a &#8221;glamping&#8221; chalet.\u00a0 You will be seduced by its strategic location in the middle of the woods which offers tranquility only the sound of nature and the magical landscapes.\u00a0 On site, you have access to its lakes and private trails.\u00a0 All without sacrificing your comfort and safety.\u00a0 Ideal for observing the starry sky, a unique environment in Piopolis.\u00a0 Close to all activities of the Lac Megantic region and the picturesque village of Piopolis.\u00a0 Can combine renal with the Domaine \u00e0 Piopolis chalet and\/or Gros Camp chalet.\u00a0 Internet Fiber optic high speed WIFI is available at the entrance of the domain.\u00a0 A short walk must be made to get to the chalet.<\/p>\n","protected":false},"excerpt":{"rendered":"<p>Located on a domain of more than 10 acres, this accomodation is a good compromise between camping and a &#8221;glamping&#8221; chalet.\u00a0 You will be seduced by its strategic location in the middle of the woods which offers tranquility only the sound of nature and the magical landscapes.\u00a0 On site, you have access to its lakes [&hellip;]<\/p>\n","protected":false},"author":1,"featured_media":0,"parent":0,"menu_order":0,"comment_status":"closed","ping_status":"closed","template":"t-chalet.php","meta":{"_acf_changed":false,"_exactmetrics_skip_tracking":false,"_exactmetrics_sitenote_active":false,"_exactmetrics_sitenote_note":"","_exactmetrics_sitenote_category":0,"footnotes":""},"class_list":["post-2371","page","type-page","status-publish","hentry"],"acf":[],"yoast_head":"<!-- This site is optimized with the Yoast SEO plugin v27.3 - https:\/\/yoast.com\/product\/yoast-seo-wordpress\/ -->\n<title>Bob Marley - Chalets Lac M\u00e9gantic<\/title>\n<meta name=\"description\" content=\"Chalet \u00e0 louer situ\u00e9 dans les Cantons de l\u2019est, \u00e0 proximit\u00e9 du Lac-M\u00e9gantic et \u00e0 quelques minutes du village pittoresque de Piopolis.\" \/>\n<meta name=\"robots\" content=\"index, follow, max-snippet:-1, max-image-preview:large, max-video-preview:-1\" \/>\n<link rel=\"canonical\" href=\"https:\/\/www.chaletslacmegantic.com\/en\/bob-marley\/\" \/>\n<meta property=\"og:locale\" content=\"en_US\" \/>\n<meta property=\"og:type\" content=\"article\" \/>\n<meta property=\"og:title\" content=\"Bob Marley - Chalets Lac M\u00e9gantic\" \/>\n<meta property=\"og:description\" content=\"Chalet \u00e0 louer situ\u00e9 dans les Cantons de l\u2019est, \u00e0 proximit\u00e9 du Lac-M\u00e9gantic et \u00e0 quelques minutes du village pittoresque de Piopolis.\" \/>\n<meta property=\"og:url\" content=\"https:\/\/www.chaletslacmegantic.com\/en\/bob-marley\/\" \/>\n<meta property=\"og:site_name\" content=\"Chalets Lac M\u00e9gantic\" \/>\n<meta property=\"article:modified_time\" content=\"2024-11-08T21:35:56+00:00\" \/>\n<meta property=\"og:image\" content=\"https:\/\/www.chaletslacmegantic.com\/wp-content\/uploads\/2024\/11\/Opengraph-fr.jpg\" \/>\n\t<meta property=\"og:image:width\" content=\"1200\" \/>\n\t<meta property=\"og:image:height\" content=\"630\" \/>\n\t<meta property=\"og:image:type\" content=\"image\/jpeg\" \/>\n<meta name=\"twitter:card\" content=\"summary_large_image\" \/>\n<meta name=\"twitter:label1\" content=\"Est. reading time\" \/>\n\t<meta name=\"twitter:data1\" content=\"1 minute\" \/>\n<script type=\"application\/ld+json\" class=\"yoast-schema-graph\">{\"@context\":\"https:\\\/\\\/schema.org\",\"@graph\":[{\"@type\":\"WebPage\",\"@id\":\"https:\\\/\\\/www.chaletslacmegantic.com\\\/en\\\/bob-marley\\\/\",\"url\":\"https:\\\/\\\/www.chaletslacmegantic.com\\\/en\\\/bob-marley\\\/\",\"name\":\"Bob Marley - Chalets Lac M\u00e9gantic\",\"isPartOf\":{\"@id\":\"https:\\\/\\\/www.chaletslacmegantic.com\\\/#website\"},\"datePublished\":\"2023-07-26T21:55:10+00:00\",\"dateModified\":\"2024-11-08T21:35:56+00:00\",\"description\":\"Chalet \u00e0 louer situ\u00e9 dans les Cantons de l\u2019est, \u00e0 proximit\u00e9 du Lac-M\u00e9gantic et \u00e0 quelques minutes du village pittoresque de Piopolis.\",\"breadcrumb\":{\"@id\":\"https:\\\/\\\/www.chaletslacmegantic.com\\\/en\\\/bob-marley\\\/#breadcrumb\"},\"inLanguage\":\"en-US\",\"potentialAction\":[{\"@type\":\"ReadAction\",\"target\":[\"https:\\\/\\\/www.chaletslacmegantic.com\\\/en\\\/bob-marley\\\/\"]}]},{\"@type\":\"BreadcrumbList\",\"@id\":\"https:\\\/\\\/www.chaletslacmegantic.com\\\/en\\\/bob-marley\\\/#breadcrumb\",\"itemListElement\":[{\"@type\":\"ListItem\",\"position\":1,\"name\":\"Accueil\",\"item\":\"https:\\\/\\\/www.chaletslacmegantic.com\\\/en\\\/\"},{\"@type\":\"ListItem\",\"position\":2,\"name\":\"Bob Marley\"}]},{\"@type\":\"WebSite\",\"@id\":\"https:\\\/\\\/www.chaletslacmegantic.com\\\/#website\",\"url\":\"https:\\\/\\\/www.chaletslacmegantic.com\\\/\",\"name\":\"Chalets Lac M\u00e9gantic\",\"description\":\"\",\"potentialAction\":[{\"@type\":\"SearchAction\",\"target\":{\"@type\":\"EntryPoint\",\"urlTemplate\":\"https:\\\/\\\/www.chaletslacmegantic.com\\\/?s={search_term_string}\"},\"query-input\":{\"@type\":\"PropertyValueSpecification\",\"valueRequired\":true,\"valueName\":\"search_term_string\"}}],\"inLanguage\":\"en-US\"}]}<\/script>\n<!-- \/ Yoast SEO plugin. -->","yoast_head_json":{"title":"Bob Marley - Chalets Lac M\u00e9gantic","description":"Chalet \u00e0 louer situ\u00e9 dans les Cantons de l\u2019est, \u00e0 proximit\u00e9 du Lac-M\u00e9gantic et \u00e0 quelques minutes du village pittoresque de Piopolis.","robots":{"index":"index","follow":"follow","max-snippet":"max-snippet:-1","max-image-preview":"max-image-preview:large","max-video-preview":"max-video-preview:-1"},"canonical":"https:\/\/www.chaletslacmegantic.com\/en\/bob-marley\/","og_locale":"en_US","og_type":"article","og_title":"Bob Marley - Chalets Lac M\u00e9gantic","og_description":"Chalet \u00e0 louer situ\u00e9 dans les Cantons de l\u2019est, \u00e0 proximit\u00e9 du Lac-M\u00e9gantic et \u00e0 quelques minutes du village pittoresque de Piopolis.","og_url":"https:\/\/www.chaletslacmegantic.com\/en\/bob-marley\/","og_site_name":"Chalets Lac M\u00e9gantic","article_modified_time":"2024-11-08T21:35:56+00:00","og_image":[{"width":1200,"height":630,"url":"https:\/\/www.chaletslacmegantic.com\/wp-content\/uploads\/2024\/11\/Opengraph-fr.jpg","type":"image\/jpeg"}],"twitter_card":"summary_large_image","twitter_misc":{"Est. reading time":"1 minute"},"schema":{"@context":"https:\/\/schema.org","@graph":[{"@type":"WebPage","@id":"https:\/\/www.chaletslacmegantic.com\/en\/bob-marley\/","url":"https:\/\/www.chaletslacmegantic.com\/en\/bob-marley\/","name":"Bob Marley - Chalets Lac M\u00e9gantic","isPartOf":{"@id":"https:\/\/www.chaletslacmegantic.com\/#website"},"datePublished":"2023-07-26T21:55:10+00:00","dateModified":"2024-11-08T21:35:56+00:00","description":"Chalet \u00e0 louer situ\u00e9 dans les Cantons de l\u2019est, \u00e0 proximit\u00e9 du Lac-M\u00e9gantic et \u00e0 quelques minutes du village pittoresque de Piopolis.","breadcrumb":{"@id":"https:\/\/www.chaletslacmegantic.com\/en\/bob-marley\/#breadcrumb"},"inLanguage":"en-US","potentialAction":[{"@type":"ReadAction","target":["https:\/\/www.chaletslacmegantic.com\/en\/bob-marley\/"]}]},{"@type":"BreadcrumbList","@id":"https:\/\/www.chaletslacmegantic.com\/en\/bob-marley\/#breadcrumb","itemListElement":[{"@type":"ListItem","position":1,"name":"Accueil","item":"https:\/\/www.chaletslacmegantic.com\/en\/"},{"@type":"ListItem","position":2,"name":"Bob Marley"}]},{"@type":"WebSite","@id":"https:\/\/www.chaletslacmegantic.com\/#website","url":"https:\/\/www.chaletslacmegantic.com\/","name":"Chalets Lac M\u00e9gantic","description":"","potentialAction":[{"@type":"SearchAction","target":{"@type":"EntryPoint","urlTemplate":"https:\/\/www.chaletslacmegantic.com\/?s={search_term_string}"},"query-input":{"@type":"PropertyValueSpecification","valueRequired":true,"valueName":"search_term_string"}}],"inLanguage":"en-US"}]}},"_links":{"self":[{"href":"https:\/\/www.chaletslacmegantic.com\/en\/wp-json\/wp\/v2\/pages\/2371","targetHints":{"allow":["GET"]}}],"collection":[{"href":"https:\/\/www.chaletslacmegantic.com\/en\/wp-json\/wp\/v2\/pages"}],"about":[{"href":"https:\/\/www.chaletslacmegantic.com\/en\/wp-json\/wp\/v2\/types\/page"}],"author":[{"embeddable":true,"href":"https:\/\/www.chaletslacmegantic.com\/en\/wp-json\/wp\/v2\/users\/1"}],"replies":[{"embeddable":true,"href":"https:\/\/www.chaletslacmegantic.com\/en\/wp-json\/wp\/v2\/comments?post=2371"}],"version-history":[{"count":14,"href":"https:\/\/www.chaletslacmegantic.com\/en\/wp-json\/wp\/v2\/pages\/2371\/revisions"}],"predecessor-version":[{"id":3143,"href":"https:\/\/www.chaletslacmegantic.com\/en\/wp-json\/wp\/v2\/pages\/2371\/revisions\/3143"}],"wp:attachment":[{"href":"https:\/\/www.chaletslacmegantic.com\/en\/wp-json\/wp\/v2\/media?parent=2371"}],"curies":[{"name":"wp","href":"https:\/\/api.w.org\/{rel}","templated":true}]}}